{"id":484,"date":"2015-04-14T09:34:53","date_gmt":"2015-04-14T07:34:53","guid":{"rendered":"http:\/\/www.bfcsrl.it\/bfc2015\/chi-siamo-2\/"},"modified":"2015-07-30T14:55:27","modified_gmt":"2015-07-30T12:55:27","slug":"uber-bfc","status":"publish","type":"page","link":"https:\/\/www.bfcsrl.it\/de\/uber-bfc\/","title":{"rendered":"\u00dcber BFC"},"content":{"rendered":"<div class=\"entry-content scroll-pane\">\n<div class=\"jspContainer\">\n<div class=\"jspPane\">\n<div class=\"entry-content entry-content-scroll-pane\">\n<div class=\"jspContainer\">\n<div class=\"jspPane\">\n<div class=\"entry-content scroll-pane\">\n<div class=\"jspContainer\">\n<div class=\"jspPane\">\n<p>Die <strong>BFC srl<\/strong> bietet ihren Kunden Serviceleistungen von gro\u00dfem Interesse, die auch denjenigen nicht entgehen d\u00fcrfen, die nur einen schnellen Blick auf die Internetseiten werfen.<\/p>\n<ul>\n<li><strong>Schnell<\/strong> bei der Koordinierung der Auftr\u00e4ge<\/li>\n<li><strong>Pr\u00e4zise<\/strong> bei den Lieferzeiten<\/li>\n<li><strong>Speziell<\/strong> bei der Bereitstellung von technischen Kursen und Technologien f\u00fcr Branchenprofis<\/li>\n<li><strong>Kreativ<\/strong> f\u00fcr das Angebot einer gro\u00dfen und breitgef\u00e4cherten Auswahl<\/li>\n<li><strong>Sorgf\u00e4ltig<\/strong> bei der Entwicklung und Konstruktion von Kaffeemaschinen \u2026f\u00fcr K\u00d6STLICHE KAFFEES<\/li>\n<\/ul>\n<\/div>\n<\/div>\n<\/div>\n<div class=\"entry-content entry-content-scroll-pane\">\n<div class=\"jspContainer\">\n<div class=\"jspPane\">\n<p>Die Firma besch\u00e4ftigt 75 super-erfahrene Mitarbeiter\u00a0im Bereich Espressomaschinen und exportiert 80% ihrer Produktion. Beste<\/p>\n<p>Qualit\u00e4t und hohe Produktionsflexibilit\u00e4t sind Elemente von grundlegender Wichtigkeit f\u00fcr den Erfolg unserer Kaffeemaschinen auf dem\u00a0<strong>weltweiten Markt der Branche<\/strong>. Herz und K\u00f6rper (Kessel, Verbindungsr\u00f6hren aus Kupfer und Geh\u00e4use aus Stahl) werden vollst\u00e4ndig in unserem neuen Werk in Scomigo di Conegliano auf 5.000 m\u00b2 gefertigt.<\/p>\n<p>Folgende Vorteile fallen sofort ins Auge:\u00a0unschlagbare Qualit\u00e4t, perfekte Verarbeitung, sorgf\u00e4ltige Kontrollen der Produktionsprozesse\u00a0und nicht zuletzt m\u00e4\u00dfige industrielle Kosten, die die Verkaufspreise so niedrig wie m\u00f6glich halten. Unser Verkaufsvolumen w\u00e4chst j\u00e4hrlich um 20%.<\/p>\n<p>Im Jahr 2014 werden wir ein neues wichtiges Ziel erreichen: 10.000 in einem Jahr hergestellte und verkaufte Espressomaschinen.<\/p>\n<\/div>\n<\/div>\n<\/div>\n<p><a href=\"https:\/\/www.bfcsrl.it\/bfc2015\/wp-content\/uploads\/2015\/04\/photo1.jpg\"><img decoding=\"async\" loading=\"lazy\" class=\" wp-image-621 size-medium alignleft\" src=\"https:\/\/www.bfcsrl.it\/bfc2015\/wp-content\/uploads\/2015\/04\/photo1-291x195.jpg\" alt=\"photo1\" width=\"291\" height=\"195\" srcset=\"https:\/\/www.bfcsrl.it\/bfc2015\/wp-content\/uploads\/2015\/04\/photo1-291x195.jpg 291w, https:\/\/www.bfcsrl.it\/bfc2015\/wp-content\/uploads\/2015\/04\/photo1-994x665.jpg 994w, https:\/\/www.bfcsrl.it\/bfc2015\/wp-content\/uploads\/2015\/04\/photo1-768x514.jpg 768w, https:\/\/www.bfcsrl.it\/bfc2015\/wp-content\/uploads\/2015\/04\/photo1.jpg 1200w\" sizes=\"(max-width: 291px) 100vw, 291px\" \/><\/a> <a href=\"https:\/\/www.bfcsrl.it\/bfc2015\/wp-content\/uploads\/2015\/04\/photo2.jpg\" rel=\"attachment wp-att-622\"><img decoding=\"async\" loading=\"lazy\" class=\" wp-image-622 size-medium alignleft\" src=\"https:\/\/www.bfcsrl.it\/bfc2015\/wp-content\/uploads\/2015\/04\/photo2-260x195.jpg\" alt=\"photo2\" width=\"260\" height=\"195\" srcset=\"https:\/\/www.bfcsrl.it\/bfc2015\/wp-content\/uploads\/2015\/04\/photo2-260x195.jpg 260w, https:\/\/www.bfcsrl.it\/bfc2015\/wp-content\/uploads\/2015\/04\/photo2-887x665.jpg 887w, https:\/\/www.bfcsrl.it\/bfc2015\/wp-content\/uploads\/2015\/04\/photo2-768x576.jpg 768w, https:\/\/www.bfcsrl.it\/bfc2015\/wp-content\/uploads\/2015\/04\/photo2.jpg 1200w\" sizes=\"(max-width: 260px) 100vw, 260px\" \/><\/a> <a href=\"https:\/\/www.bfcsrl.it\/bfc2015\/wp-content\/uploads\/2015\/04\/photo3.jpg\" rel=\"attachment wp-att-623\"><img decoding=\"async\" loading=\"lazy\" class=\"alignleft wp-image-623 size-medium\" src=\"https:\/\/www.bfcsrl.it\/bfc2015\/wp-content\/uploads\/2015\/04\/photo3-143x195.jpg\" alt=\"photo3\" width=\"143\" height=\"195\" srcset=\"https:\/\/www.bfcsrl.it\/bfc2015\/wp-content\/uploads\/2015\/04\/photo3-143x195.jpg 143w, https:\/\/www.bfcsrl.it\/bfc2015\/wp-content\/uploads\/2015\/04\/photo3-486x665.jpg 486w, https:\/\/www.bfcsrl.it\/bfc2015\/wp-content\/uploads\/2015\/04\/photo3-768x1051.jpg 768w, https:\/\/www.bfcsrl.it\/bfc2015\/wp-content\/uploads\/2015\/04\/photo3.jpg 877w\" sizes=\"(max-width: 143px) 100vw, 143px\" \/><\/a> <a href=\"https:\/\/www.bfcsrl.it\/bfc2015\/wp-content\/uploads\/2015\/04\/photo4.jpg\" rel=\"attachment wp-att-624\"><img decoding=\"async\" loading=\"lazy\" class=\"alignleft wp-image-624 size-medium\" src=\"https:\/\/www.bfcsrl.it\/bfc2015\/wp-content\/uploads\/2015\/04\/photo4-260x195.jpg\" alt=\"photo4\" width=\"260\" height=\"195\" srcset=\"https:\/\/www.bfcsrl.it\/bfc2015\/wp-content\/uploads\/2015\/04\/photo4-260x195.jpg 260w, https:\/\/www.bfcsrl.it\/bfc2015\/wp-content\/uploads\/2015\/04\/photo4-887x665.jpg 887w, https:\/\/www.bfcsrl.it\/bfc2015\/wp-content\/uploads\/2015\/04\/photo4-768x576.jpg 768w, https:\/\/www.bfcsrl.it\/bfc2015\/wp-content\/uploads\/2015\/04\/photo4.jpg 1200w\" sizes=\"(max-width: 260px) 100vw, 260px\" \/><\/a><\/p>\n<\/div>\n<\/div>\n<\/div>\n<\/div>\n<\/div>\n<\/div>\n","protected":false},"excerpt":{"rendered":"<p>Die BFC srl bietet ihren Kunden Serviceleistungen von gro\u00dfem Interesse, die auch denjenigen nicht entgehen d\u00fcrfen, die nur einen schnellen [&hellip;]<\/p>\n","protected":false},"author":1,"featured_media":0,"parent":0,"menu_order":41,"comment_status":"open","ping_status":"closed","template":"","meta":[],"acf":[],"yoast_head":"<!-- This site is optimized with the Yoast SEO plugin v20.1 - https:\/\/yoast.com\/wordpress\/plugins\/seo\/ -->\n<title>\u00dcber BFC | BFC srl<\/title>\n<meta name=\"robots\" content=\"index, follow, max-snippet:-1, max-image-preview:large, max-video-preview:-1\" \/>\n<link rel=\"canonical\" href=\"https:\/\/www.bfcsrl.it\/de\/uber-bfc\/\" \/>\n<meta property=\"og:locale\" content=\"de_DE\" \/>\n<meta property=\"og:type\" content=\"article\" \/>\n<meta property=\"og:title\" content=\"\u00dcber BFC | BFC srl\" \/>\n<meta property=\"og:description\" content=\"Die BFC srl bietet ihren Kunden Serviceleistungen von gro\u00dfem Interesse, die auch denjenigen nicht entgehen d\u00fcrfen, die nur einen schnellen [&hellip;]\" \/>\n<meta property=\"og:url\" content=\"https:\/\/www.bfcsrl.it\/de\/uber-bfc\/\" \/>\n<meta property=\"og:site_name\" content=\"BFC srl\" \/>\n<meta property=\"article:modified_time\" content=\"2015-07-30T12:55:27+00:00\" \/>\n<meta property=\"og:image\" content=\"https:\/\/www.bfcsrl.it\/bfc2015\/wp-content\/uploads\/2015\/04\/photo1-291x195.jpg\" \/>\n<meta name=\"twitter:label1\" content=\"Gesch\u00e4tzte Lesezeit\" \/>\n\t<meta name=\"twitter:data1\" content=\"1 Minute\" \/>\n<script type=\"application\/ld+json\" class=\"yoast-schema-graph\">{\"@context\":\"https:\/\/schema.org\",\"@graph\":[{\"@type\":\"WebPage\",\"@id\":\"https:\/\/www.bfcsrl.it\/de\/uber-bfc\/\",\"url\":\"https:\/\/www.bfcsrl.it\/de\/uber-bfc\/\",\"name\":\"\u00dcber BFC | BFC srl\",\"isPartOf\":{\"@id\":\"https:\/\/www.bfcsrl.it\/es\/#website\"},\"datePublished\":\"2015-04-14T07:34:53+00:00\",\"dateModified\":\"2015-07-30T12:55:27+00:00\",\"breadcrumb\":{\"@id\":\"https:\/\/www.bfcsrl.it\/de\/uber-bfc\/#breadcrumb\"},\"inLanguage\":\"de-DE\",\"potentialAction\":[{\"@type\":\"ReadAction\",\"target\":[\"https:\/\/www.bfcsrl.it\/de\/uber-bfc\/\"]}]},{\"@type\":\"BreadcrumbList\",\"@id\":\"https:\/\/www.bfcsrl.it\/de\/uber-bfc\/#breadcrumb\",\"itemListElement\":[{\"@type\":\"ListItem\",\"position\":1,\"name\":\"\",\"item\":\"https:\/\/www.bfcsrl.it\/de\/\"},{\"@type\":\"ListItem\",\"position\":2,\"name\":\"\u00dcber BFC\"}]},{\"@type\":\"WebSite\",\"@id\":\"https:\/\/www.bfcsrl.it\/es\/#website\",\"url\":\"https:\/\/www.bfcsrl.it\/es\/\",\"name\":\"BFC srl\",\"description\":\"\",\"potentialAction\":[{\"@type\":\"SearchAction\",\"target\":{\"@type\":\"EntryPoint\",\"urlTemplate\":\"https:\/\/www.bfcsrl.it\/es\/?s={search_term_string}\"},\"query-input\":\"required name=search_term_string\"}],\"inLanguage\":\"de-DE\"}]}<\/script>\n<!-- \/ Yoast SEO plugin. -->","yoast_head_json":{"title":"\u00dcber BFC | BFC srl","robots":{"index":"index","follow":"follow","max-snippet":"max-snippet:-1","max-image-preview":"max-image-preview:large","max-video-preview":"max-video-preview:-1"},"canonical":"https:\/\/www.bfcsrl.it\/de\/uber-bfc\/","og_locale":"de_DE","og_type":"article","og_title":"\u00dcber BFC | BFC srl","og_description":"Die BFC srl bietet ihren Kunden Serviceleistungen von gro\u00dfem Interesse, die auch denjenigen nicht entgehen d\u00fcrfen, die nur einen schnellen [&hellip;]","og_url":"https:\/\/www.bfcsrl.it\/de\/uber-bfc\/","og_site_name":"BFC srl","article_modified_time":"2015-07-30T12:55:27+00:00","og_image":[{"url":"https:\/\/www.bfcsrl.it\/bfc2015\/wp-content\/uploads\/2015\/04\/photo1-291x195.jpg"}],"twitter_misc":{"Gesch\u00e4tzte Lesezeit":"1 Minute"},"schema":{"@context":"https:\/\/schema.org","@graph":[{"@type":"WebPage","@id":"https:\/\/www.bfcsrl.it\/de\/uber-bfc\/","url":"https:\/\/www.bfcsrl.it\/de\/uber-bfc\/","name":"\u00dcber BFC | BFC srl","isPartOf":{"@id":"https:\/\/www.bfcsrl.it\/es\/#website"},"datePublished":"2015-04-14T07:34:53+00:00","dateModified":"2015-07-30T12:55:27+00:00","breadcrumb":{"@id":"https:\/\/www.bfcsrl.it\/de\/uber-bfc\/#breadcrumb"},"inLanguage":"de-DE","potentialAction":[{"@type":"ReadAction","target":["https:\/\/www.bfcsrl.it\/de\/uber-bfc\/"]}]},{"@type":"BreadcrumbList","@id":"https:\/\/www.bfcsrl.it\/de\/uber-bfc\/#breadcrumb","itemListElement":[{"@type":"ListItem","position":1,"name":"","item":"https:\/\/www.bfcsrl.it\/de\/"},{"@type":"ListItem","position":2,"name":"\u00dcber BFC"}]},{"@type":"WebSite","@id":"https:\/\/www.bfcsrl.it\/es\/#website","url":"https:\/\/www.bfcsrl.it\/es\/","name":"BFC srl","description":"","potentialAction":[{"@type":"SearchAction","target":{"@type":"EntryPoint","urlTemplate":"https:\/\/www.bfcsrl.it\/es\/?s={search_term_string}"},"query-input":"required name=search_term_string"}],"inLanguage":"de-DE"}]}},"_links":{"self":[{"href":"https:\/\/www.bfcsrl.it\/de\/wp-json\/wp\/v2\/pages\/484"}],"collection":[{"href":"https:\/\/www.bfcsrl.it\/de\/wp-json\/wp\/v2\/pages"}],"about":[{"href":"https:\/\/www.bfcsrl.it\/de\/wp-json\/wp\/v2\/types\/page"}],"author":[{"embeddable":true,"href":"https:\/\/www.bfcsrl.it\/de\/wp-json\/wp\/v2\/users\/1"}],"replies":[{"embeddable":true,"href":"https:\/\/www.bfcsrl.it\/de\/wp-json\/wp\/v2\/comments?post=484"}],"version-history":[{"count":0,"href":"https:\/\/www.bfcsrl.it\/de\/wp-json\/wp\/v2\/pages\/484\/revisions"}],"wp:attachment":[{"href":"https:\/\/www.bfcsrl.it\/de\/wp-json\/wp\/v2\/media?parent=484"}],"curies":[{"name":"wp","href":"https:\/\/api.w.org\/{rel}","templated":true}]}}