{"id":479,"date":"2015-04-14T09:35:05","date_gmt":"2015-04-14T07:35:05","guid":{"rendered":"http:\/\/www.bfcsrl.it\/bfc2015\/newsletter-2\/"},"modified":"2015-07-30T12:08:52","modified_gmt":"2015-07-30T10:08:52","slug":"newsletter","status":"publish","type":"page","link":"https:\/\/www.bfcsrl.it\/es\/newsletter\/","title":{"rendered":"Inscr\u00edbete en nuestro newsletter"},"content":{"rendered":"<p>Rellena los campos inferiores para recibir nuestros newsletter y mantenerte siempre actualizado sobre las \u00faltimas novedades.<\/p>\n","protected":false},"excerpt":{"rendered":"<p>Recibe las \u00faltimas novedades sobre productos y tecnolog\u00edas.<\/p>\n","protected":false},"author":1,"featured_media":0,"parent":0,"menu_order":19,"comment_status":"open","ping_status":"closed","template":"","meta":[],"acf":[],"yoast_head":"<!-- This site is optimized with the Yoast SEO plugin v20.1 - https:\/\/yoast.com\/wordpress\/plugins\/seo\/ -->\n<title>Inscr\u00edbete en nuestro newsletter | BFC srl<\/title>\n<meta name=\"robots\" content=\"index, follow, max-snippet:-1, max-image-preview:large, max-video-preview:-1\" \/>\n<link rel=\"canonical\" href=\"https:\/\/www.bfcsrl.it\/es\/newsletter\/\" \/>\n<meta property=\"og:locale\" content=\"es_ES\" \/>\n<meta property=\"og:type\" content=\"article\" \/>\n<meta property=\"og:title\" content=\"Inscr\u00edbete en nuestro newsletter | BFC srl\" \/>\n<meta property=\"og:description\" content=\"Recibe las \u00faltimas novedades sobre productos y tecnolog\u00edas.\" \/>\n<meta property=\"og:url\" content=\"https:\/\/www.bfcsrl.it\/es\/newsletter\/\" \/>\n<meta property=\"og:site_name\" content=\"BFC srl\" \/>\n<meta property=\"article:modified_time\" content=\"2015-07-30T10:08:52+00:00\" \/>\n<script type=\"application\/ld+json\" class=\"yoast-schema-graph\">{\"@context\":\"https:\/\/schema.org\",\"@graph\":[{\"@type\":\"WebPage\",\"@id\":\"https:\/\/www.bfcsrl.it\/es\/newsletter\/\",\"url\":\"https:\/\/www.bfcsrl.it\/es\/newsletter\/\",\"name\":\"Inscr\u00edbete en nuestro newsletter | BFC srl\",\"isPartOf\":{\"@id\":\"https:\/\/www.bfcsrl.it\/es\/#website\"},\"datePublished\":\"2015-04-14T07:35:05+00:00\",\"dateModified\":\"2015-07-30T10:08:52+00:00\",\"breadcrumb\":{\"@id\":\"https:\/\/www.bfcsrl.it\/es\/newsletter\/#breadcrumb\"},\"inLanguage\":\"es\",\"potentialAction\":[{\"@type\":\"ReadAction\",\"target\":[\"https:\/\/www.bfcsrl.it\/es\/newsletter\/\"]}]},{\"@type\":\"BreadcrumbList\",\"@id\":\"https:\/\/www.bfcsrl.it\/es\/newsletter\/#breadcrumb\",\"itemListElement\":[{\"@type\":\"ListItem\",\"position\":1,\"name\":\"\",\"item\":\"https:\/\/www.bfcsrl.it\/es\/\"},{\"@type\":\"ListItem\",\"position\":2,\"name\":\"Inscr\u00edbete en nuestro newsletter\"}]},{\"@type\":\"WebSite\",\"@id\":\"https:\/\/www.bfcsrl.it\/es\/#website\",\"url\":\"https:\/\/www.bfcsrl.it\/es\/\",\"name\":\"BFC srl\",\"description\":\"\",\"potentialAction\":[{\"@type\":\"SearchAction\",\"target\":{\"@type\":\"EntryPoint\",\"urlTemplate\":\"https:\/\/www.bfcsrl.it\/es\/?s={search_term_string}\"},\"query-input\":\"required name=search_term_string\"}],\"inLanguage\":\"es\"}]}<\/script>\n<!-- \/ Yoast SEO plugin. -->","yoast_head_json":{"title":"Inscr\u00edbete en nuestro newsletter | BFC srl","robots":{"index":"index","follow":"follow","max-snippet":"max-snippet:-1","max-image-preview":"max-image-preview:large","max-video-preview":"max-video-preview:-1"},"canonical":"https:\/\/www.bfcsrl.it\/es\/newsletter\/","og_locale":"es_ES","og_type":"article","og_title":"Inscr\u00edbete en nuestro newsletter | BFC srl","og_description":"Recibe las \u00faltimas novedades sobre productos y tecnolog\u00edas.","og_url":"https:\/\/www.bfcsrl.it\/es\/newsletter\/","og_site_name":"BFC srl","article_modified_time":"2015-07-30T10:08:52+00:00","schema":{"@context":"https:\/\/schema.org","@graph":[{"@type":"WebPage","@id":"https:\/\/www.bfcsrl.it\/es\/newsletter\/","url":"https:\/\/www.bfcsrl.it\/es\/newsletter\/","name":"Inscr\u00edbete en nuestro newsletter | BFC srl","isPartOf":{"@id":"https:\/\/www.bfcsrl.it\/es\/#website"},"datePublished":"2015-04-14T07:35:05+00:00","dateModified":"2015-07-30T10:08:52+00:00","breadcrumb":{"@id":"https:\/\/www.bfcsrl.it\/es\/newsletter\/#breadcrumb"},"inLanguage":"es","potentialAction":[{"@type":"ReadAction","target":["https:\/\/www.bfcsrl.it\/es\/newsletter\/"]}]},{"@type":"BreadcrumbList","@id":"https:\/\/www.bfcsrl.it\/es\/newsletter\/#breadcrumb","itemListElement":[{"@type":"ListItem","position":1,"name":"","item":"https:\/\/www.bfcsrl.it\/es\/"},{"@type":"ListItem","position":2,"name":"Inscr\u00edbete en nuestro newsletter"}]},{"@type":"WebSite","@id":"https:\/\/www.bfcsrl.it\/es\/#website","url":"https:\/\/www.bfcsrl.it\/es\/","name":"BFC srl","description":"","potentialAction":[{"@type":"SearchAction","target":{"@type":"EntryPoint","urlTemplate":"https:\/\/www.bfcsrl.it\/es\/?s={search_term_string}"},"query-input":"required name=search_term_string"}],"inLanguage":"es"}]}},"_links":{"self":[{"href":"https:\/\/www.bfcsrl.it\/es\/wp-json\/wp\/v2\/pages\/479"}],"collection":[{"href":"https:\/\/www.bfcsrl.it\/es\/wp-json\/wp\/v2\/pages"}],"about":[{"href":"https:\/\/www.bfcsrl.it\/es\/wp-json\/wp\/v2\/types\/page"}],"author":[{"embeddable":true,"href":"https:\/\/www.bfcsrl.it\/es\/wp-json\/wp\/v2\/users\/1"}],"replies":[{"embeddable":true,"href":"https:\/\/www.bfcsrl.it\/es\/wp-json\/wp\/v2\/comments?post=479"}],"version-history":[{"count":0,"href":"https:\/\/www.bfcsrl.it\/es\/wp-json\/wp\/v2\/pages\/479\/revisions"}],"wp:attachment":[{"href":"https:\/\/www.bfcsrl.it\/es\/wp-json\/wp\/v2\/media?parent=479"}],"curies":[{"name":"wp","href":"https:\/\/api.w.org\/{rel}","templated":true}]}}