{"id":485,"date":"2015-04-14T09:34:53","date_gmt":"2015-04-14T07:34:53","guid":{"rendered":"http:\/\/www.bfcsrl.it\/bfc2015\/chi-siamo-2\/"},"modified":"2015-07-30T15:18:09","modified_gmt":"2015-07-30T13:18:09","slug":"empresa","status":"publish","type":"page","link":"https:\/\/www.bfcsrl.it\/es\/empresa\/","title":{"rendered":"A prop\u00f3sito de BFC"},"content":{"rendered":"<div class=\"entry-content scroll-pane\">\n<div class=\"jspContainer\">\n<div class=\"jspPane\">\n<div class=\"entry-content entry-content-scroll-pane\">\n<div class=\"jspContainer\">\n<div class=\"jspPane\">\n<div class=\"entry-content scroll-pane\">\n<div class=\"jspContainer\">\n<div class=\"jspPane\">\n<p><strong>BFC srl<\/strong> ofrece a sus clientes servicios de gran inter\u00e9s, que no deben escap\u00e1rseles, tampoco a quienes se dediquen a la simple y fugaz visita del site.<\/p>\n<ul>\n<li><strong>Din\u00e1mica<\/strong>, en la coordinaci\u00f3n de los pedidos<\/li>\n<li><strong>Puntual<\/strong>, en los plazos de entrega<\/li>\n<li><strong>Especial<\/strong>, en facilitar cursillos t\u00e9cnicos y tecnol\u00f3gicos a los operadores del sector<\/li>\n<li><strong>Creativa<\/strong>, por ofrecer una amplia y extensa elecci\u00f3n de gamas<\/li>\n<li><strong>Atenta<\/strong>, en el dise\u00f1o y la fabricaci\u00f3n de m\u00e1quinas de caf\u00e9 para\u2026 \u00d3PTIMOS CAF\u00c9S.<\/li>\n<\/ul>\n<\/div>\n<\/div>\n<\/div>\n<p>BFC srl tiene una plantilla que consta de 75 s\u00faper-expertos\u00a0en el sector de las m\u00e1quinas de caf\u00e9 expr\u00e9s y exporta el 80% de su producci\u00f3n.<\/p>\n<div class=\"entry-content entry-content-scroll-pane\">\n<div class=\"jspContainer\">\n<div class=\"jspPane\">\n<p>M\u00e1xima calidad y elevada flexibilidad productiva son los elementos determinantes para el \u00e9xito de nuestras m\u00e1quinas de caf\u00e9 en el <strong>mercado mundial del sector<\/strong>; de hecho, coraz\u00f3n y cuerpo (caldera de cobre, tubes de conexi\u00f3n y armaz\u00f3n de acero) se fabrican enteramente en la f\u00e1brica de Scomigo de Conegliano en una superficie de 5.000 m\u00b2.<\/p>\n<p>Se pueden deducir, entonces, calidad insuperable, provisiones perfectas, controles minuciosos de los procesos productivos y, por \u00faltimo, costes industriales reducidos que limitan al m\u00e1ximo los precios de venta. Crecemos anualmente del 20% en concepto de volumen de negocios.<\/p>\n<p>El a\u00f1o de 2014 marcar\u00e1 un nuevo reto importante: 10.000 m\u00e1quinas de caf\u00e9 expr\u00e9s fabricadas y vendidas en un a\u00f1o.<\/p>\n<\/div>\n<\/div>\n<\/div>\n<p><a href=\"https:\/\/www.bfcsrl.it\/bfc2015\/wp-content\/uploads\/2015\/04\/photo1.jpg\"><img decoding=\"async\" loading=\"lazy\" class=\" wp-image-621 size-medium alignleft\" src=\"https:\/\/www.bfcsrl.it\/bfc2015\/wp-content\/uploads\/2015\/04\/photo1-291x195.jpg\" alt=\"photo1\" width=\"291\" height=\"195\" srcset=\"https:\/\/www.bfcsrl.it\/bfc2015\/wp-content\/uploads\/2015\/04\/photo1-291x195.jpg 291w, https:\/\/www.bfcsrl.it\/bfc2015\/wp-content\/uploads\/2015\/04\/photo1-994x665.jpg 994w, https:\/\/www.bfcsrl.it\/bfc2015\/wp-content\/uploads\/2015\/04\/photo1-768x514.jpg 768w, https:\/\/www.bfcsrl.it\/bfc2015\/wp-content\/uploads\/2015\/04\/photo1.jpg 1200w\" sizes=\"(max-width: 291px) 100vw, 291px\" \/><\/a> <a href=\"https:\/\/www.bfcsrl.it\/bfc2015\/wp-content\/uploads\/2015\/04\/photo2.jpg\" rel=\"attachment wp-att-622\"><img decoding=\"async\" loading=\"lazy\" class=\" wp-image-622 size-medium alignleft\" src=\"https:\/\/www.bfcsrl.it\/bfc2015\/wp-content\/uploads\/2015\/04\/photo2-260x195.jpg\" alt=\"photo2\" width=\"260\" height=\"195\" srcset=\"https:\/\/www.bfcsrl.it\/bfc2015\/wp-content\/uploads\/2015\/04\/photo2-260x195.jpg 260w, https:\/\/www.bfcsrl.it\/bfc2015\/wp-content\/uploads\/2015\/04\/photo2-887x665.jpg 887w, https:\/\/www.bfcsrl.it\/bfc2015\/wp-content\/uploads\/2015\/04\/photo2-768x576.jpg 768w, https:\/\/www.bfcsrl.it\/bfc2015\/wp-content\/uploads\/2015\/04\/photo2.jpg 1200w\" sizes=\"(max-width: 260px) 100vw, 260px\" \/><\/a> <a href=\"https:\/\/www.bfcsrl.it\/bfc2015\/wp-content\/uploads\/2015\/04\/photo3.jpg\" rel=\"attachment wp-att-623\"><img decoding=\"async\" loading=\"lazy\" class=\"alignleft wp-image-623 size-medium\" src=\"https:\/\/www.bfcsrl.it\/bfc2015\/wp-content\/uploads\/2015\/04\/photo3-143x195.jpg\" alt=\"photo3\" width=\"143\" height=\"195\" srcset=\"https:\/\/www.bfcsrl.it\/bfc2015\/wp-content\/uploads\/2015\/04\/photo3-143x195.jpg 143w, https:\/\/www.bfcsrl.it\/bfc2015\/wp-content\/uploads\/2015\/04\/photo3-486x665.jpg 486w, https:\/\/www.bfcsrl.it\/bfc2015\/wp-content\/uploads\/2015\/04\/photo3-768x1051.jpg 768w, https:\/\/www.bfcsrl.it\/bfc2015\/wp-content\/uploads\/2015\/04\/photo3.jpg 877w\" sizes=\"(max-width: 143px) 100vw, 143px\" \/><\/a> <a href=\"https:\/\/www.bfcsrl.it\/bfc2015\/wp-content\/uploads\/2015\/04\/photo4.jpg\" rel=\"attachment wp-att-624\"><img decoding=\"async\" loading=\"lazy\" class=\"alignleft wp-image-624 size-medium\" src=\"https:\/\/www.bfcsrl.it\/bfc2015\/wp-content\/uploads\/2015\/04\/photo4-260x195.jpg\" alt=\"photo4\" width=\"260\" height=\"195\" srcset=\"https:\/\/www.bfcsrl.it\/bfc2015\/wp-content\/uploads\/2015\/04\/photo4-260x195.jpg 260w, https:\/\/www.bfcsrl.it\/bfc2015\/wp-content\/uploads\/2015\/04\/photo4-887x665.jpg 887w, https:\/\/www.bfcsrl.it\/bfc2015\/wp-content\/uploads\/2015\/04\/photo4-768x576.jpg 768w, https:\/\/www.bfcsrl.it\/bfc2015\/wp-content\/uploads\/2015\/04\/photo4.jpg 1200w\" sizes=\"(max-width: 260px) 100vw, 260px\" \/><\/a><\/p>\n<\/div>\n<\/div>\n<\/div>\n<\/div>\n<\/div>\n<\/div>\n","protected":false},"excerpt":{"rendered":"<p>BFC srl ofrece a sus clientes servicios de gran inter\u00e9s, que no deben escap\u00e1rseles, tampoco a quienes se dediquen a [&hellip;]<\/p>\n","protected":false},"author":1,"featured_media":0,"parent":0,"menu_order":40,"comment_status":"open","ping_status":"closed","template":"","meta":[],"acf":[],"yoast_head":"<!-- This site is optimized with the Yoast SEO plugin v20.1 - https:\/\/yoast.com\/wordpress\/plugins\/seo\/ -->\n<title>A prop\u00f3sito de BFC | BFC srl<\/title>\n<meta name=\"robots\" content=\"index, follow, max-snippet:-1, max-image-preview:large, max-video-preview:-1\" \/>\n<link rel=\"canonical\" href=\"https:\/\/www.bfcsrl.it\/es\/empresa\/\" \/>\n<meta property=\"og:locale\" content=\"es_ES\" \/>\n<meta property=\"og:type\" content=\"article\" \/>\n<meta property=\"og:title\" content=\"A prop\u00f3sito de BFC | BFC srl\" \/>\n<meta property=\"og:description\" content=\"BFC srl ofrece a sus clientes servicios de gran inter\u00e9s, que no deben escap\u00e1rseles, tampoco a quienes se dediquen a [&hellip;]\" \/>\n<meta property=\"og:url\" content=\"https:\/\/www.bfcsrl.it\/es\/empresa\/\" \/>\n<meta property=\"og:site_name\" content=\"BFC srl\" \/>\n<meta property=\"article:modified_time\" content=\"2015-07-30T13:18:09+00:00\" \/>\n<meta property=\"og:image\" content=\"https:\/\/www.bfcsrl.it\/bfc2015\/wp-content\/uploads\/2015\/04\/photo1-291x195.jpg\" \/>\n<meta name=\"twitter:label1\" content=\"Tiempo de lectura\" \/>\n\t<meta name=\"twitter:data1\" content=\"1 minuto\" \/>\n<script type=\"application\/ld+json\" class=\"yoast-schema-graph\">{\"@context\":\"https:\/\/schema.org\",\"@graph\":[{\"@type\":\"WebPage\",\"@id\":\"https:\/\/www.bfcsrl.it\/es\/empresa\/\",\"url\":\"https:\/\/www.bfcsrl.it\/es\/empresa\/\",\"name\":\"A prop\u00f3sito de BFC | BFC srl\",\"isPartOf\":{\"@id\":\"https:\/\/www.bfcsrl.it\/es\/#website\"},\"datePublished\":\"2015-04-14T07:34:53+00:00\",\"dateModified\":\"2015-07-30T13:18:09+00:00\",\"breadcrumb\":{\"@id\":\"https:\/\/www.bfcsrl.it\/es\/empresa\/#breadcrumb\"},\"inLanguage\":\"es\",\"potentialAction\":[{\"@type\":\"ReadAction\",\"target\":[\"https:\/\/www.bfcsrl.it\/es\/empresa\/\"]}]},{\"@type\":\"BreadcrumbList\",\"@id\":\"https:\/\/www.bfcsrl.it\/es\/empresa\/#breadcrumb\",\"itemListElement\":[{\"@type\":\"ListItem\",\"position\":1,\"name\":\"\",\"item\":\"https:\/\/www.bfcsrl.it\/es\/\"},{\"@type\":\"ListItem\",\"position\":2,\"name\":\"A prop\u00f3sito de BFC\"}]},{\"@type\":\"WebSite\",\"@id\":\"https:\/\/www.bfcsrl.it\/es\/#website\",\"url\":\"https:\/\/www.bfcsrl.it\/es\/\",\"name\":\"BFC srl\",\"description\":\"\",\"potentialAction\":[{\"@type\":\"SearchAction\",\"target\":{\"@type\":\"EntryPoint\",\"urlTemplate\":\"https:\/\/www.bfcsrl.it\/es\/?s={search_term_string}\"},\"query-input\":\"required name=search_term_string\"}],\"inLanguage\":\"es\"}]}<\/script>\n<!-- \/ Yoast SEO plugin. -->","yoast_head_json":{"title":"A prop\u00f3sito de BFC | BFC srl","robots":{"index":"index","follow":"follow","max-snippet":"max-snippet:-1","max-image-preview":"max-image-preview:large","max-video-preview":"max-video-preview:-1"},"canonical":"https:\/\/www.bfcsrl.it\/es\/empresa\/","og_locale":"es_ES","og_type":"article","og_title":"A prop\u00f3sito de BFC | BFC srl","og_description":"BFC srl ofrece a sus clientes servicios de gran inter\u00e9s, que no deben escap\u00e1rseles, tampoco a quienes se dediquen a [&hellip;]","og_url":"https:\/\/www.bfcsrl.it\/es\/empresa\/","og_site_name":"BFC srl","article_modified_time":"2015-07-30T13:18:09+00:00","og_image":[{"url":"https:\/\/www.bfcsrl.it\/bfc2015\/wp-content\/uploads\/2015\/04\/photo1-291x195.jpg"}],"twitter_misc":{"Tiempo de lectura":"1 minuto"},"schema":{"@context":"https:\/\/schema.org","@graph":[{"@type":"WebPage","@id":"https:\/\/www.bfcsrl.it\/es\/empresa\/","url":"https:\/\/www.bfcsrl.it\/es\/empresa\/","name":"A prop\u00f3sito de BFC | BFC srl","isPartOf":{"@id":"https:\/\/www.bfcsrl.it\/es\/#website"},"datePublished":"2015-04-14T07:34:53+00:00","dateModified":"2015-07-30T13:18:09+00:00","breadcrumb":{"@id":"https:\/\/www.bfcsrl.it\/es\/empresa\/#breadcrumb"},"inLanguage":"es","potentialAction":[{"@type":"ReadAction","target":["https:\/\/www.bfcsrl.it\/es\/empresa\/"]}]},{"@type":"BreadcrumbList","@id":"https:\/\/www.bfcsrl.it\/es\/empresa\/#breadcrumb","itemListElement":[{"@type":"ListItem","position":1,"name":"","item":"https:\/\/www.bfcsrl.it\/es\/"},{"@type":"ListItem","position":2,"name":"A prop\u00f3sito de BFC"}]},{"@type":"WebSite","@id":"https:\/\/www.bfcsrl.it\/es\/#website","url":"https:\/\/www.bfcsrl.it\/es\/","name":"BFC srl","description":"","potentialAction":[{"@type":"SearchAction","target":{"@type":"EntryPoint","urlTemplate":"https:\/\/www.bfcsrl.it\/es\/?s={search_term_string}"},"query-input":"required name=search_term_string"}],"inLanguage":"es"}]}},"_links":{"self":[{"href":"https:\/\/www.bfcsrl.it\/es\/wp-json\/wp\/v2\/pages\/485"}],"collection":[{"href":"https:\/\/www.bfcsrl.it\/es\/wp-json\/wp\/v2\/pages"}],"about":[{"href":"https:\/\/www.bfcsrl.it\/es\/wp-json\/wp\/v2\/types\/page"}],"author":[{"embeddable":true,"href":"https:\/\/www.bfcsrl.it\/es\/wp-json\/wp\/v2\/users\/1"}],"replies":[{"embeddable":true,"href":"https:\/\/www.bfcsrl.it\/es\/wp-json\/wp\/v2\/comments?post=485"}],"version-history":[{"count":0,"href":"https:\/\/www.bfcsrl.it\/es\/wp-json\/wp\/v2\/pages\/485\/revisions"}],"wp:attachment":[{"href":"https:\/\/www.bfcsrl.it\/es\/wp-json\/wp\/v2\/media?parent=485"}],"curies":[{"name":"wp","href":"https:\/\/api.w.org\/{rel}","templated":true}]}}