{"id":477,"date":"2015-04-14T09:35:05","date_gmt":"2015-04-14T07:35:05","guid":{"rendered":"http:\/\/www.bfcsrl.it\/bfc2015\/newsletter-2\/"},"modified":"2015-07-30T12:06:14","modified_gmt":"2015-07-30T10:06:14","slug":"newsletter","status":"publish","type":"page","link":"https:\/\/www.bfcsrl.it\/fr\/newsletter\/","title":{"rendered":"Inscrivez-vous \u00e0 notre lettre d&rsquo;information"},"content":{"rendered":"<p>Remplissez les champs ci-dessous pour recevoir nos lettres d&rsquo;information et \u00eatre toujours inform\u00e9s sur les derni\u00e8res nouveaut\u00e9s.<\/p>\n","protected":false},"excerpt":{"rendered":"<p>Recevez les derni\u00e8res nouveaut\u00e9s sur les produits et les technologies.<\/p>\n","protected":false},"author":1,"featured_media":0,"parent":0,"menu_order":20,"comment_status":"open","ping_status":"closed","template":"","meta":[],"acf":[],"yoast_head":"<!-- This site is optimized with the Yoast SEO plugin v20.1 - https:\/\/yoast.com\/wordpress\/plugins\/seo\/ -->\n<title>Inscrivez-vous \u00e0 notre lettre d&#039;information | BFC srl<\/title>\n<meta name=\"robots\" content=\"index, follow, max-snippet:-1, max-image-preview:large, max-video-preview:-1\" \/>\n<link rel=\"canonical\" href=\"https:\/\/www.bfcsrl.it\/fr\/newsletter\/\" \/>\n<meta property=\"og:locale\" content=\"fr_FR\" \/>\n<meta property=\"og:type\" content=\"article\" \/>\n<meta property=\"og:title\" content=\"Inscrivez-vous \u00e0 notre lettre d&#039;information | BFC srl\" \/>\n<meta property=\"og:description\" content=\"Recevez les derni\u00e8res nouveaut\u00e9s sur les produits et les technologies.\" \/>\n<meta property=\"og:url\" content=\"https:\/\/www.bfcsrl.it\/fr\/newsletter\/\" \/>\n<meta property=\"og:site_name\" content=\"BFC srl\" \/>\n<meta property=\"article:modified_time\" content=\"2015-07-30T10:06:14+00:00\" \/>\n<script type=\"application\/ld+json\" class=\"yoast-schema-graph\">{\"@context\":\"https:\/\/schema.org\",\"@graph\":[{\"@type\":\"WebPage\",\"@id\":\"https:\/\/www.bfcsrl.it\/fr\/newsletter\/\",\"url\":\"https:\/\/www.bfcsrl.it\/fr\/newsletter\/\",\"name\":\"Inscrivez-vous \u00e0 notre lettre d'information | BFC srl\",\"isPartOf\":{\"@id\":\"https:\/\/www.bfcsrl.it\/es\/#website\"},\"datePublished\":\"2015-04-14T07:35:05+00:00\",\"dateModified\":\"2015-07-30T10:06:14+00:00\",\"breadcrumb\":{\"@id\":\"https:\/\/www.bfcsrl.it\/fr\/newsletter\/#breadcrumb\"},\"inLanguage\":\"fr-FR\",\"potentialAction\":[{\"@type\":\"ReadAction\",\"target\":[\"https:\/\/www.bfcsrl.it\/fr\/newsletter\/\"]}]},{\"@type\":\"BreadcrumbList\",\"@id\":\"https:\/\/www.bfcsrl.it\/fr\/newsletter\/#breadcrumb\",\"itemListElement\":[{\"@type\":\"ListItem\",\"position\":1,\"name\":\"\",\"item\":\"https:\/\/www.bfcsrl.it\/fr\/\"},{\"@type\":\"ListItem\",\"position\":2,\"name\":\"Inscrivez-vous \u00e0 notre lettre d&#8217;information\"}]},{\"@type\":\"WebSite\",\"@id\":\"https:\/\/www.bfcsrl.it\/es\/#website\",\"url\":\"https:\/\/www.bfcsrl.it\/es\/\",\"name\":\"BFC srl\",\"description\":\"\",\"potentialAction\":[{\"@type\":\"SearchAction\",\"target\":{\"@type\":\"EntryPoint\",\"urlTemplate\":\"https:\/\/www.bfcsrl.it\/es\/?s={search_term_string}\"},\"query-input\":\"required name=search_term_string\"}],\"inLanguage\":\"fr-FR\"}]}<\/script>\n<!-- \/ Yoast SEO plugin. -->","yoast_head_json":{"title":"Inscrivez-vous \u00e0 notre lettre d'information | BFC srl","robots":{"index":"index","follow":"follow","max-snippet":"max-snippet:-1","max-image-preview":"max-image-preview:large","max-video-preview":"max-video-preview:-1"},"canonical":"https:\/\/www.bfcsrl.it\/fr\/newsletter\/","og_locale":"fr_FR","og_type":"article","og_title":"Inscrivez-vous \u00e0 notre lettre d'information | BFC srl","og_description":"Recevez les derni\u00e8res nouveaut\u00e9s sur les produits et les technologies.","og_url":"https:\/\/www.bfcsrl.it\/fr\/newsletter\/","og_site_name":"BFC srl","article_modified_time":"2015-07-30T10:06:14+00:00","schema":{"@context":"https:\/\/schema.org","@graph":[{"@type":"WebPage","@id":"https:\/\/www.bfcsrl.it\/fr\/newsletter\/","url":"https:\/\/www.bfcsrl.it\/fr\/newsletter\/","name":"Inscrivez-vous \u00e0 notre lettre d'information | BFC srl","isPartOf":{"@id":"https:\/\/www.bfcsrl.it\/es\/#website"},"datePublished":"2015-04-14T07:35:05+00:00","dateModified":"2015-07-30T10:06:14+00:00","breadcrumb":{"@id":"https:\/\/www.bfcsrl.it\/fr\/newsletter\/#breadcrumb"},"inLanguage":"fr-FR","potentialAction":[{"@type":"ReadAction","target":["https:\/\/www.bfcsrl.it\/fr\/newsletter\/"]}]},{"@type":"BreadcrumbList","@id":"https:\/\/www.bfcsrl.it\/fr\/newsletter\/#breadcrumb","itemListElement":[{"@type":"ListItem","position":1,"name":"","item":"https:\/\/www.bfcsrl.it\/fr\/"},{"@type":"ListItem","position":2,"name":"Inscrivez-vous \u00e0 notre lettre d&#8217;information"}]},{"@type":"WebSite","@id":"https:\/\/www.bfcsrl.it\/es\/#website","url":"https:\/\/www.bfcsrl.it\/es\/","name":"BFC srl","description":"","potentialAction":[{"@type":"SearchAction","target":{"@type":"EntryPoint","urlTemplate":"https:\/\/www.bfcsrl.it\/es\/?s={search_term_string}"},"query-input":"required name=search_term_string"}],"inLanguage":"fr-FR"}]}},"_links":{"self":[{"href":"https:\/\/www.bfcsrl.it\/fr\/wp-json\/wp\/v2\/pages\/477"}],"collection":[{"href":"https:\/\/www.bfcsrl.it\/fr\/wp-json\/wp\/v2\/pages"}],"about":[{"href":"https:\/\/www.bfcsrl.it\/fr\/wp-json\/wp\/v2\/types\/page"}],"author":[{"embeddable":true,"href":"https:\/\/www.bfcsrl.it\/fr\/wp-json\/wp\/v2\/users\/1"}],"replies":[{"embeddable":true,"href":"https:\/\/www.bfcsrl.it\/fr\/wp-json\/wp\/v2\/comments?post=477"}],"version-history":[{"count":0,"href":"https:\/\/www.bfcsrl.it\/fr\/wp-json\/wp\/v2\/pages\/477\/revisions"}],"wp:attachment":[{"href":"https:\/\/www.bfcsrl.it\/fr\/wp-json\/wp\/v2\/media?parent=477"}],"curies":[{"name":"wp","href":"https:\/\/api.w.org\/{rel}","templated":true}]}}