{"id":483,"date":"2015-04-14T09:34:53","date_gmt":"2015-04-14T07:34:53","guid":{"rendered":"http:\/\/www.bfcsrl.it\/bfc2015\/chi-siamo-2\/"},"modified":"2015-07-30T15:21:51","modified_gmt":"2015-07-30T13:21:51","slug":"societe","status":"publish","type":"page","link":"https:\/\/www.bfcsrl.it\/fr\/societe\/","title":{"rendered":"\u00c0 propos de BFC"},"content":{"rendered":"<div class=\"entry-content scroll-pane\">\n<div class=\"jspContainer\">\n<div class=\"jspPane\">\n<div class=\"entry-content entry-content-scroll-pane\">\n<div class=\"jspContainer\">\n<div class=\"jspPane\">\n<div class=\"entry-content scroll-pane\">\n<div class=\"jspContainer\">\n<div class=\"jspPane\">\n<p><strong>BFC srl<\/strong> offre \u00e0 ses clients services de grand int\u00e8ret qui ne doivent pas \u00e8chapper non plus aux clients qui visitent tr\u00e8s simplement et rapidement le web- site.<\/p>\n<ul>\n<li><strong>Agile<\/strong>, en ce qui concerne la coordination des ordres<\/li>\n<li><strong>Pr\u00e9cise<\/strong>, en termes de remise<\/li>\n<li><strong>Sp\u00e9ciale<\/strong>, en fournir cours techniques et technologies aux op\u00e9rateurs du secteur<\/li>\n<li><strong>Cr\u00e9ative<\/strong>, pour offrir une riche et vaste choix de gamme<\/li>\n<li><strong>Attentive<\/strong>, en ce qui concerne le projet et la construction des machines \u00e0 caf\u00e9\u2026pour GRANDS CAFES.<\/li>\n<\/ul>\n<\/div>\n<\/div>\n<\/div>\n<div class=\"entry-content entry-content-scroll-pane\">\n<div class=\"jspContainer\">\n<div class=\"jspPane\">\n<p>L\u2019entreprise est compos\u00e9e par 75 pr\u00e9pos\u00e9s super-experts\u00a0dans le secteur des machines \u00e0 caf\u00e9 espresso et exporte le 80% de sa production.<\/p>\n<p>Maxime qualit\u00e9 et \u00e9lev\u00e9 flexibilit\u00e9 de production sont \u00e9l\u00e9ments d\u00e9terminants au succ\u00e8s des nos machines \u00e0 caf\u00e9 dans le\u00a0<strong>march\u00e9 mondial<\/strong>\u00a0du secteur. En effet c\u0153ur et corps (chaudi\u00e8res, tubes de connexion en cuivre et carrosserie en acier) sont construits compl\u00e8tement dans notre nouveau \u00e9tablissement \u00e0 Scomigo di Conegliano en 5.000 mq.<\/p>\n<p>On peut se rendre compte donc de:\u00a0qualit\u00e9 ind\u00e9passable, finitions parfaites, r\u00e9glages soign\u00e9s\u00a0des proc\u00e9d\u00e9s productives et enfin couts industriels contenus qui limitent au maximum les prix de vente. Nous s\u2019\u00e9levons annuellement du 20% en ce qui concerne le volume de vente.<\/p>\n<p>L\u2019ann\u00e9e 2015 montrera un nouveaux et important but: 10.000 machine \u00e0 caf\u00e9 espresso produits et ventes dans une ann\u00e9e.<\/p>\n<\/div>\n<\/div>\n<\/div>\n<p><a href=\"https:\/\/www.bfcsrl.it\/bfc2015\/wp-content\/uploads\/2015\/04\/photo1.jpg\"><img decoding=\"async\" loading=\"lazy\" class=\" wp-image-621 size-medium alignleft\" src=\"https:\/\/www.bfcsrl.it\/bfc2015\/wp-content\/uploads\/2015\/04\/photo1-291x195.jpg\" alt=\"photo1\" width=\"291\" height=\"195\" srcset=\"https:\/\/www.bfcsrl.it\/bfc2015\/wp-content\/uploads\/2015\/04\/photo1-291x195.jpg 291w, https:\/\/www.bfcsrl.it\/bfc2015\/wp-content\/uploads\/2015\/04\/photo1-994x665.jpg 994w, https:\/\/www.bfcsrl.it\/bfc2015\/wp-content\/uploads\/2015\/04\/photo1-768x514.jpg 768w, https:\/\/www.bfcsrl.it\/bfc2015\/wp-content\/uploads\/2015\/04\/photo1.jpg 1200w\" sizes=\"(max-width: 291px) 100vw, 291px\" \/><\/a> <a href=\"https:\/\/www.bfcsrl.it\/bfc2015\/wp-content\/uploads\/2015\/04\/photo2.jpg\" rel=\"attachment wp-att-622\"><img decoding=\"async\" loading=\"lazy\" class=\" wp-image-622 size-medium alignleft\" src=\"https:\/\/www.bfcsrl.it\/bfc2015\/wp-content\/uploads\/2015\/04\/photo2-260x195.jpg\" alt=\"photo2\" width=\"260\" height=\"195\" srcset=\"https:\/\/www.bfcsrl.it\/bfc2015\/wp-content\/uploads\/2015\/04\/photo2-260x195.jpg 260w, https:\/\/www.bfcsrl.it\/bfc2015\/wp-content\/uploads\/2015\/04\/photo2-887x665.jpg 887w, https:\/\/www.bfcsrl.it\/bfc2015\/wp-content\/uploads\/2015\/04\/photo2-768x576.jpg 768w, https:\/\/www.bfcsrl.it\/bfc2015\/wp-content\/uploads\/2015\/04\/photo2.jpg 1200w\" sizes=\"(max-width: 260px) 100vw, 260px\" \/><\/a> <a href=\"https:\/\/www.bfcsrl.it\/bfc2015\/wp-content\/uploads\/2015\/04\/photo3.jpg\" rel=\"attachment wp-att-623\"><img decoding=\"async\" loading=\"lazy\" class=\"alignleft wp-image-623 size-medium\" src=\"https:\/\/www.bfcsrl.it\/bfc2015\/wp-content\/uploads\/2015\/04\/photo3-143x195.jpg\" alt=\"photo3\" width=\"143\" height=\"195\" srcset=\"https:\/\/www.bfcsrl.it\/bfc2015\/wp-content\/uploads\/2015\/04\/photo3-143x195.jpg 143w, https:\/\/www.bfcsrl.it\/bfc2015\/wp-content\/uploads\/2015\/04\/photo3-486x665.jpg 486w, https:\/\/www.bfcsrl.it\/bfc2015\/wp-content\/uploads\/2015\/04\/photo3-768x1051.jpg 768w, https:\/\/www.bfcsrl.it\/bfc2015\/wp-content\/uploads\/2015\/04\/photo3.jpg 877w\" sizes=\"(max-width: 143px) 100vw, 143px\" \/><\/a> <a href=\"https:\/\/www.bfcsrl.it\/bfc2015\/wp-content\/uploads\/2015\/04\/photo4.jpg\" rel=\"attachment wp-att-624\"><img decoding=\"async\" loading=\"lazy\" class=\"alignleft wp-image-624 size-medium\" src=\"https:\/\/www.bfcsrl.it\/bfc2015\/wp-content\/uploads\/2015\/04\/photo4-260x195.jpg\" alt=\"photo4\" width=\"260\" height=\"195\" srcset=\"https:\/\/www.bfcsrl.it\/bfc2015\/wp-content\/uploads\/2015\/04\/photo4-260x195.jpg 260w, https:\/\/www.bfcsrl.it\/bfc2015\/wp-content\/uploads\/2015\/04\/photo4-887x665.jpg 887w, https:\/\/www.bfcsrl.it\/bfc2015\/wp-content\/uploads\/2015\/04\/photo4-768x576.jpg 768w, https:\/\/www.bfcsrl.it\/bfc2015\/wp-content\/uploads\/2015\/04\/photo4.jpg 1200w\" sizes=\"(max-width: 260px) 100vw, 260px\" \/><\/a><\/p>\n<\/div>\n<\/div>\n<\/div>\n<\/div>\n<\/div>\n<\/div>\n","protected":false},"excerpt":{"rendered":"<p>BFC srl offre \u00e0 ses clients services de grand int\u00e8ret qui ne doivent pas \u00e8chapper non plus aux clients qui [&hellip;]<\/p>\n","protected":false},"author":1,"featured_media":0,"parent":0,"menu_order":39,"comment_status":"open","ping_status":"closed","template":"","meta":[],"acf":[],"yoast_head":"<!-- This site is optimized with the Yoast SEO plugin v20.1 - https:\/\/yoast.com\/wordpress\/plugins\/seo\/ -->\n<title>\u00c0 propos de BFC | BFC srl<\/title>\n<meta name=\"robots\" content=\"index, follow, max-snippet:-1, max-image-preview:large, max-video-preview:-1\" \/>\n<link rel=\"canonical\" href=\"https:\/\/www.bfcsrl.it\/fr\/societe\/\" \/>\n<meta property=\"og:locale\" content=\"fr_FR\" \/>\n<meta property=\"og:type\" content=\"article\" \/>\n<meta property=\"og:title\" content=\"\u00c0 propos de BFC | BFC srl\" \/>\n<meta property=\"og:description\" content=\"BFC srl offre \u00e0 ses clients services de grand int\u00e8ret qui ne doivent pas \u00e8chapper non plus aux clients qui [&hellip;]\" \/>\n<meta property=\"og:url\" content=\"https:\/\/www.bfcsrl.it\/fr\/societe\/\" \/>\n<meta property=\"og:site_name\" content=\"BFC srl\" \/>\n<meta property=\"article:modified_time\" content=\"2015-07-30T13:21:51+00:00\" \/>\n<meta property=\"og:image\" content=\"https:\/\/www.bfcsrl.it\/bfc2015\/wp-content\/uploads\/2015\/04\/photo1-291x195.jpg\" \/>\n<meta name=\"twitter:label1\" content=\"Dur\u00e9e de lecture estim\u00e9e\" \/>\n\t<meta name=\"twitter:data1\" content=\"1 minute\" \/>\n<script type=\"application\/ld+json\" class=\"yoast-schema-graph\">{\"@context\":\"https:\/\/schema.org\",\"@graph\":[{\"@type\":\"WebPage\",\"@id\":\"https:\/\/www.bfcsrl.it\/fr\/societe\/\",\"url\":\"https:\/\/www.bfcsrl.it\/fr\/societe\/\",\"name\":\"\u00c0 propos de BFC | BFC srl\",\"isPartOf\":{\"@id\":\"https:\/\/www.bfcsrl.it\/es\/#website\"},\"datePublished\":\"2015-04-14T07:34:53+00:00\",\"dateModified\":\"2015-07-30T13:21:51+00:00\",\"breadcrumb\":{\"@id\":\"https:\/\/www.bfcsrl.it\/fr\/societe\/#breadcrumb\"},\"inLanguage\":\"fr-FR\",\"potentialAction\":[{\"@type\":\"ReadAction\",\"target\":[\"https:\/\/www.bfcsrl.it\/fr\/societe\/\"]}]},{\"@type\":\"BreadcrumbList\",\"@id\":\"https:\/\/www.bfcsrl.it\/fr\/societe\/#breadcrumb\",\"itemListElement\":[{\"@type\":\"ListItem\",\"position\":1,\"name\":\"\",\"item\":\"https:\/\/www.bfcsrl.it\/fr\/\"},{\"@type\":\"ListItem\",\"position\":2,\"name\":\"\u00c0 propos de BFC\"}]},{\"@type\":\"WebSite\",\"@id\":\"https:\/\/www.bfcsrl.it\/es\/#website\",\"url\":\"https:\/\/www.bfcsrl.it\/es\/\",\"name\":\"BFC srl\",\"description\":\"\",\"potentialAction\":[{\"@type\":\"SearchAction\",\"target\":{\"@type\":\"EntryPoint\",\"urlTemplate\":\"https:\/\/www.bfcsrl.it\/es\/?s={search_term_string}\"},\"query-input\":\"required name=search_term_string\"}],\"inLanguage\":\"fr-FR\"}]}<\/script>\n<!-- \/ Yoast SEO plugin. -->","yoast_head_json":{"title":"\u00c0 propos de BFC | BFC srl","robots":{"index":"index","follow":"follow","max-snippet":"max-snippet:-1","max-image-preview":"max-image-preview:large","max-video-preview":"max-video-preview:-1"},"canonical":"https:\/\/www.bfcsrl.it\/fr\/societe\/","og_locale":"fr_FR","og_type":"article","og_title":"\u00c0 propos de BFC | BFC srl","og_description":"BFC srl offre \u00e0 ses clients services de grand int\u00e8ret qui ne doivent pas \u00e8chapper non plus aux clients qui [&hellip;]","og_url":"https:\/\/www.bfcsrl.it\/fr\/societe\/","og_site_name":"BFC srl","article_modified_time":"2015-07-30T13:21:51+00:00","og_image":[{"url":"https:\/\/www.bfcsrl.it\/bfc2015\/wp-content\/uploads\/2015\/04\/photo1-291x195.jpg"}],"twitter_misc":{"Dur\u00e9e de lecture estim\u00e9e":"1 minute"},"schema":{"@context":"https:\/\/schema.org","@graph":[{"@type":"WebPage","@id":"https:\/\/www.bfcsrl.it\/fr\/societe\/","url":"https:\/\/www.bfcsrl.it\/fr\/societe\/","name":"\u00c0 propos de BFC | BFC srl","isPartOf":{"@id":"https:\/\/www.bfcsrl.it\/es\/#website"},"datePublished":"2015-04-14T07:34:53+00:00","dateModified":"2015-07-30T13:21:51+00:00","breadcrumb":{"@id":"https:\/\/www.bfcsrl.it\/fr\/societe\/#breadcrumb"},"inLanguage":"fr-FR","potentialAction":[{"@type":"ReadAction","target":["https:\/\/www.bfcsrl.it\/fr\/societe\/"]}]},{"@type":"BreadcrumbList","@id":"https:\/\/www.bfcsrl.it\/fr\/societe\/#breadcrumb","itemListElement":[{"@type":"ListItem","position":1,"name":"","item":"https:\/\/www.bfcsrl.it\/fr\/"},{"@type":"ListItem","position":2,"name":"\u00c0 propos de BFC"}]},{"@type":"WebSite","@id":"https:\/\/www.bfcsrl.it\/es\/#website","url":"https:\/\/www.bfcsrl.it\/es\/","name":"BFC srl","description":"","potentialAction":[{"@type":"SearchAction","target":{"@type":"EntryPoint","urlTemplate":"https:\/\/www.bfcsrl.it\/es\/?s={search_term_string}"},"query-input":"required name=search_term_string"}],"inLanguage":"fr-FR"}]}},"_links":{"self":[{"href":"https:\/\/www.bfcsrl.it\/fr\/wp-json\/wp\/v2\/pages\/483"}],"collection":[{"href":"https:\/\/www.bfcsrl.it\/fr\/wp-json\/wp\/v2\/pages"}],"about":[{"href":"https:\/\/www.bfcsrl.it\/fr\/wp-json\/wp\/v2\/types\/page"}],"author":[{"embeddable":true,"href":"https:\/\/www.bfcsrl.it\/fr\/wp-json\/wp\/v2\/users\/1"}],"replies":[{"embeddable":true,"href":"https:\/\/www.bfcsrl.it\/fr\/wp-json\/wp\/v2\/comments?post=483"}],"version-history":[{"count":0,"href":"https:\/\/www.bfcsrl.it\/fr\/wp-json\/wp\/v2\/pages\/483\/revisions"}],"wp:attachment":[{"href":"https:\/\/www.bfcsrl.it\/fr\/wp-json\/wp\/v2\/media?parent=483"}],"curies":[{"name":"wp","href":"https:\/\/api.w.org\/{rel}","templated":true}]}}